{"id":50,"date":"2022-03-20T11:33:21","date_gmt":"2022-03-20T11:33:21","guid":{"rendered":"http:\/\/adamwierzbicki.info\/?page_id=50"},"modified":"2022-05-17T21:18:25","modified_gmt":"2022-05-17T21:18:25","slug":"research-community","status":"publish","type":"page","link":"http:\/\/adamwierzbicki.info\/?page_id=50","title":{"rendered":"Research community"},"content":{"rendered":"\n<h3 class=\"wp-block-heading\">Ph.D candidates<\/h3>\n\n\n\n<p><a href=\"https:\/\/scholar.google.com\/citations?user=QOEKehMAAAAJ&amp;hl=en&amp;oi=ao\" data-type=\"URL\" data-id=\"https:\/\/scholar.google.com\/citations?user=QOEKehMAAAAJ&amp;hl=en&amp;oi=ao\">Aleksandra Nabo\u017cny<\/a><\/p>\n\n\n\n<p><a href=\"https:\/\/scholar.google.com\/citations?user=Bkb6sBoAAAAJ&amp;hl=en&amp;oi=ao\" data-type=\"URL\" data-id=\"https:\/\/scholar.google.com\/citations?user=Bkb6sBoAAAAJ&amp;hl=en&amp;oi=ao\">Justyna Paw\u0142owska<\/a><\/p>\n\n\n\n<p><\/p>\n\n\n\n<h3 class=\"wp-block-heading\">Postdocs<\/h3>\n\n\n\n<p><a href=\"https:\/\/scholar.google.com\/citations?user=UhMnECEAAAAJ&amp;hl=en&amp;oi=ao\">Professor Rados\u0142aw Nielek<\/a><\/p>\n\n\n\n<p><a href=\"https:\/\/scholar.google.com\/citations?user=kg-JwCMAAAAJ&amp;hl=en&amp;oi=ao\">Dr Bart\u0142omiej Balcerzak<\/a><\/p>\n\n\n\n<p><a href=\"https:\/\/scholar.google.com\/citations?user=JwXPn9wAAAAJ&amp;hl=en&amp;oi=ao\">Dr Paulina Adamska<\/a><\/p>\n\n\n\n<p><a href=\"https:\/\/scholar.google.com\/citations?user=IKlj6jcAAAAJ&amp;hl=en&amp;oi=ao\">Dr Kazimierz Zieli\u0144ski<\/a><\/p>\n\n\n\n<h3 class=\"wp-block-heading\">Research teams<\/h3>\n\n\n\n<p class=\"has-text-align-justify\"><strong>Social Informatics<\/strong><br>The Social Informatics research group at PJAIT has been involved in multiple of my research projects. The earliest research direction of the group concerned online collaboration on Wikipedia and later GitHub. Another related area of research concerned trust management using reputation systems. From there, the research group became involved in supporting Web content credibility evaluation and online disinformation detection. Last but not least, the group has become involved in a separate research direction: designing ICT technology for supporting the well-being of elderly users.<\/p>\n\n\n\n<p class=\"has-text-align-justify\">The Social Informatics research group has expertise in Data Science, applications of machine learning, Natural Language Processing, recommender systems, as well as modeling human behavior and cognitive abilities using simulation or statistical predictive models. Researchers from the group have extensive experience in designing experiments with the participation of human subjects, in particular online experiments using Crowdsourcing platforms. Another area of expertise of the group is participatory design.<\/p>\n\n\n\n<p class=\"has-text-align-justify\"><br><strong>ICT for Elders<\/strong><br>In 2013, I have founded a research group working on the design and development of ICT technology specifically for elderly users, taking into account their cognitive abilities and health, and aiming to improve their well-being. The ageing of our societies is, besides climate change, one of the greatest social challenges of the XXIst century. Since then, the research group is headed by my former Ph.D student and postdoc \u2013 now a professor of PJAIT, professor Rados\u0142aw Nielek. The group has participated in several research projects, including the Dream project of Horizon2020, headed by the Social Informatics research group of professor Fabio Casati from the University of Trento. Prof. Nielek is member of the executive committee of Net4Age-Friendly, a COST excellence network that has been chosen by the United Nations as an example of good practices in this area.<br><\/p>\n\n\n\n<p class=\"has-text-align-justify\">Together with professor Grzegorz S\u0119dek from SWPS University, an acclaimed researchers who specializes in cognitive aging, we lead the project \u201cE-commerce &amp; Ageing\u201d, dedicated to the study of how cognitive aging affects decisions of e-commerce users. This research project is strongly interdisciplinary, requiring to bridge two distant disciplines of psychology and informatics. Professor Rados\u0142aw Nielek and dr Klara Rydzewska participated in the project as post-docs, along with two Ph.D students: Justyna Paw\u0142owska and Kinga Skorupska.<\/p>\n\n\n\n<p class=\"has-text-align-justify\"><br><strong>EEG Laboratory in Lublin<\/strong><br>Together with professor Grzegorz W\u00f3jcik, an expert in Neuroinformatics, who leads an EEG Laboratory at the University of Marie Curie-Sk\u0142odowska in Lublin, we are conducting research on how the brain evaluates credibility of information. So far, research in Neuroscience related to credibility has mostly been concerned with lie detection \u2013 the modeling and detection of brain processes of a person who is lying. On the other hand, brain activity during credibility evaluation involves a person who is the recipient of information that may or may not be true. Very little is known in this area, even though it is of great significance today.<\/p>\n\n\n\n<h3 class=\"wp-block-heading\">Former Ph.D students<\/h3>\n\n\n\n<p><a href=\"https:\/\/scholar.google.com\/citations?user=C2SN9doAAAAJ&amp;hl=en&amp;oi=ao\">Dr Tomasz Kaszuba<\/a><\/p>\n\n\n\n<p><a href=\"https:\/\/scholar.google.com\/citations?user=yKrMmigAAAAJ&amp;hl=en&amp;oi=ao\">Dr Micha\u0142 Jankowski-Lorek<\/a><\/p>\n\n\n\n<p><a href=\"https:\/\/scholar.google.com\/citations?user=aFYddKYAAAAJ&amp;hl=en&amp;oi=ao\">Professor Wies\u0142aw Kope\u0107<\/a><\/p>\n\n\n\n<p><a href=\"https:\/\/scholar.google.com\/citations?user=KWmldXQAAAAJ&amp;hl=en&amp;oi=ao\">Dr Dominik Deja<\/a><\/p>\n\n\n\n<h3 class=\"wp-block-heading\">International   Mentorship <\/h3>\n\n\n\n<p class=\"has-text-align-justify\">I have been involved in the mentorship of Ph.D students in the following international Ph.D schools:<br>\u2022 On The Move Ph.D Academy<br>\u2022 University of Trento ICT International Doctoral School<br>\u2022 Japan Advanced Institute of Science and Technology, Kanazawa, Japan<br>\u2022 EDIC Ph.D School at EPFL, Lausanne<\/p>\n","protected":false},"excerpt":{"rendered":"<p>Ph.D candidates Aleksandra Nabo\u017cny Justyna Paw\u0142owska Postdocs Professor Rados\u0142aw Nielek Dr Bart\u0142omiej Balcerzak Dr Paulina Adamska Dr Kazimierz Zieli\u0144ski Research teams Social InformaticsThe Social Informatics research group at PJAIT has been involved in multiple of my research projects. The earliest research direction of the group concerned online collaboration on Wikipedia &#8230;<\/p>\n","protected":false},"author":1,"featured_media":0,"parent":0,"menu_order":4,"comment_status":"closed","ping_status":"closed","template":"","meta":{"_editorskit_title_hidden":false,"_editorskit_reading_time":0,"_editorskit_typography_data":[],"_editorskit_blocks_typography":"","_editorskit_is_block_options_detached":false,"_editorskit_block_options_position":"{}","footnotes":""},"class_list":["post-50","page","type-page","status-publish","hentry","column","threecol"],"_links":{"self":[{"href":"http:\/\/adamwierzbicki.info\/index.php?rest_route=\/wp\/v2\/pages\/50","targetHints":{"allow":["GET"]}}],"collection":[{"href":"http:\/\/adamwierzbicki.info\/index.php?rest_route=\/wp\/v2\/pages"}],"about":[{"href":"http:\/\/adamwierzbicki.info\/index.php?rest_route=\/wp\/v2\/types\/page"}],"author":[{"embeddable":true,"href":"http:\/\/adamwierzbicki.info\/index.php?rest_route=\/wp\/v2\/users\/1"}],"replies":[{"embeddable":true,"href":"http:\/\/adamwierzbicki.info\/index.php?rest_route=%2Fwp%2Fv2%2Fcomments&post=50"}],"version-history":[{"count":6,"href":"http:\/\/adamwierzbicki.info\/index.php?rest_route=\/wp\/v2\/pages\/50\/revisions"}],"predecessor-version":[{"id":254,"href":"http:\/\/adamwierzbicki.info\/index.php?rest_route=\/wp\/v2\/pages\/50\/revisions\/254"}],"wp:attachment":[{"href":"http:\/\/adamwierzbicki.info\/index.php?rest_route=%2Fwp%2Fv2%2Fmedia&parent=50"}],"curies":[{"name":"wp","href":"https:\/\/api.w.org\/{rel}","templated":true}]}}